{"id":351,"date":"2022-05-28T10:09:47","date_gmt":"2022-05-28T10:09:47","guid":{"rendered":"https:\/\/www.lecheminsauvage.com\/mon-compte\/"},"modified":"2025-03-19T07:23:18","modified_gmt":"2025-03-19T07:23:18","slug":"mon-compte-lcs","status":"publish","type":"page","link":"https:\/\/www.lecheminsauvage.com\/en\/mon-compte-lcs\/","title":{"rendered":"My account"},"content":{"rendered":"<div data-elementor-type=\"wp-page\" data-elementor-id=\"351\" class=\"elementor elementor-351\" data-elementor-post-type=\"page\">\n\t\t\t\t\t\t<section class=\"elementor-section elementor-top-section elementor-element elementor-element-16b52f0 elementor-section-boxed elementor-section-height-default elementor-section-height-default\" data-id=\"16b52f0\" data-element_type=\"section\" data-e-type=\"section\">\n\t\t\t\t\t\t<div class=\"elementor-container elementor-column-gap-default\">\n\t\t\t\t\t<div class=\"elementor-column elementor-col-100 elementor-top-column elementor-element elementor-element-248719a\" data-id=\"248719a\" data-element_type=\"column\" data-e-type=\"column\">\n\t\t\t<div class=\"elementor-widget-wrap elementor-element-populated\">\n\t\t\t\t\t\t<div class=\"elementor-element elementor-element-d82241d elementor-invisible elementor-widget elementor-widget-heading\" data-id=\"d82241d\" data-element_type=\"widget\" data-e-type=\"widget\" data-settings=\"{&quot;_animation&quot;:&quot;fadeInUp&quot;,&quot;_animation_delay&quot;:300}\" data-widget_type=\"heading.default\">\n\t\t\t\t<div class=\"elementor-widget-container\">\n\t\t\t\t\t<h1 class=\"elementor-heading-title elementor-size-default\">My account<\/h1>\t\t\t\t<\/div>\n\t\t\t\t<\/div>\n\t\t\t\t\t<\/div>\n\t\t<\/div>\n\t\t\t\t\t<\/div>\n\t\t<\/section>\n\t\t\t\t<section class=\"elementor-section elementor-top-section elementor-element elementor-element-7ee9ee6b elementor-section-boxed elementor-section-height-default elementor-section-height-default\" data-id=\"7ee9ee6b\" data-element_type=\"section\" data-e-type=\"section\">\n\t\t\t\t\t\t<div class=\"elementor-container elementor-column-gap-default\">\n\t\t\t\t\t<div class=\"elementor-column elementor-col-100 elementor-top-column elementor-element elementor-element-3cdfeef5\" data-id=\"3cdfeef5\" data-element_type=\"column\" data-e-type=\"column\">\n\t\t\t<div class=\"elementor-widget-wrap elementor-element-populated\">\n\t\t\t\t\t\t<div class=\"elementor-element elementor-element-6128641 e-my-account-tabs-vertical elementor-widget elementor-widget-woocommerce-my-account\" data-id=\"6128641\" data-element_type=\"widget\" data-e-type=\"widget\" data-widget_type=\"woocommerce-my-account.default\">\n\t\t\t\t<div class=\"elementor-widget-container\">\n\t\t\t\t\t<div class=\"e-my-account-tab e-my-account-tab__\">\t\t\t<div class=\"woocommerce\"><\/div>\t\t<\/div>\n\t\t\t\t\t\t<\/div>\n\t\t\t\t<\/div>\n\t\t\t\t\t<\/div>\n\t\t<\/div>\n\t\t\t\t\t<\/div>\n\t\t<\/section>\n\t\t\t\t<\/div>","protected":false},"excerpt":{"rendered":"<p>Tableau de bord Commandes Mes cartes Adresses Moyens de paiement Mon compte D\u00e9connexion Bonjour Maxime (vous n\u2019\u00eates pas Maxime\u00a0? D\u00e9connexion) \u00c0 partir du tableau de bord de votre compte, vous pouvez visualiser vos commandes r\u00e9centes, g\u00e9rer vos adresses de facturation ainsi que changer votre mot de passe et les d\u00e9tails de votre compte.<\/p>","protected":false},"author":1,"featured_media":0,"parent":0,"menu_order":0,"comment_status":"closed","ping_status":"closed","template":"","meta":{"_acf_changed":false,"footnotes":""},"class_list":["post-351","page","type-page","status-publish","hentry"],"acf":[],"yoast_head":"<!-- This site is optimized with the Yoast SEO plugin v27.4 - https:\/\/yoast.com\/product\/yoast-seo-wordpress\/ -->\n<title>mon compte LCS<\/title>\n<meta name=\"description\" content=\"mon compte LCS: vous avez acc\u00e8s \u00e0 vos commandes r\u00e9centes, adresses de facturation, changer de mot de passe, d\u00e9tails du compte\" \/>\n<meta name=\"robots\" content=\"index, follow, max-snippet:-1, max-image-preview:large, max-video-preview:-1\" \/>\n<link rel=\"canonical\" href=\"https:\/\/www.lecheminsauvage.com\/en\/mon-compte-lcs\/\" \/>\n<meta property=\"og:locale\" content=\"en_GB\" \/>\n<meta property=\"og:type\" content=\"article\" \/>\n<meta property=\"og:title\" content=\"mon compte LCS\" \/>\n<meta property=\"og:description\" content=\"mon compte LCS: vous avez acc\u00e8s \u00e0 vos commandes r\u00e9centes, adresses de facturation, changer de mot de passe, d\u00e9tails du compte\" \/>\n<meta property=\"og:url\" content=\"https:\/\/www.lecheminsauvage.com\/en\/mon-compte-lcs\/\" \/>\n<meta property=\"og:site_name\" content=\"Chemin Sauvage\" \/>\n<meta property=\"article:publisher\" content=\"https:\/\/www.facebook.com\/lecheminsauvagelcs\" \/>\n<meta property=\"article:modified_time\" content=\"2025-03-19T07:23:18+00:00\" \/>\n<meta property=\"og:image\" content=\"https:\/\/www.lecheminsauvage.com\/wp-content\/uploads\/2022\/05\/Bivouac-1.jpg\" \/>\n\t<meta property=\"og:image:width\" content=\"1500\" \/>\n\t<meta property=\"og:image:height\" content=\"744\" \/>\n\t<meta property=\"og:image:type\" content=\"image\/jpeg\" \/>\n<meta name=\"twitter:card\" content=\"summary_large_image\" \/>\n<meta name=\"twitter:label1\" content=\"Estimated reading time\" \/>\n\t<meta name=\"twitter:data1\" content=\"1 minute\" \/>\n<script type=\"application\/ld+json\" class=\"yoast-schema-graph\">{\"@context\":\"https:\\\/\\\/schema.org\",\"@graph\":[{\"@type\":\"WebPage\",\"@id\":\"https:\\\/\\\/www.lecheminsauvage.com\\\/mon-compte-lcs\\\/\",\"url\":\"https:\\\/\\\/www.lecheminsauvage.com\\\/mon-compte-lcs\\\/\",\"name\":\"mon compte LCS\",\"isPartOf\":{\"@id\":\"https:\\\/\\\/www.lecheminsauvage.com\\\/#website\"},\"datePublished\":\"2022-05-28T10:09:47+00:00\",\"dateModified\":\"2025-03-19T07:23:18+00:00\",\"description\":\"mon compte LCS: vous avez acc\u00e8s \u00e0 vos commandes r\u00e9centes, adresses de facturation, changer de mot de passe, d\u00e9tails du compte\",\"breadcrumb\":{\"@id\":\"https:\\\/\\\/www.lecheminsauvage.com\\\/mon-compte-lcs\\\/#breadcrumb\"},\"inLanguage\":\"en-GB\",\"potentialAction\":[{\"@type\":\"ReadAction\",\"target\":[\"https:\\\/\\\/www.lecheminsauvage.com\\\/mon-compte-lcs\\\/\"]}]},{\"@type\":\"BreadcrumbList\",\"@id\":\"https:\\\/\\\/www.lecheminsauvage.com\\\/mon-compte-lcs\\\/#breadcrumb\",\"itemListElement\":[{\"@type\":\"ListItem\",\"position\":1,\"name\":\"Accueil\",\"item\":\"https:\\\/\\\/www.lecheminsauvage.com\\\/\"},{\"@type\":\"ListItem\",\"position\":2,\"name\":\"Mon compte\"}]},{\"@type\":\"WebSite\",\"@id\":\"https:\\\/\\\/www.lecheminsauvage.com\\\/#website\",\"url\":\"https:\\\/\\\/www.lecheminsauvage.com\\\/\",\"name\":\"Chemin Sauvage\",\"description\":\"Trek &amp; Bivouac en France\",\"publisher\":{\"@id\":\"https:\\\/\\\/www.lecheminsauvage.com\\\/#organization\"},\"potentialAction\":[{\"@type\":\"SearchAction\",\"target\":{\"@type\":\"EntryPoint\",\"urlTemplate\":\"https:\\\/\\\/www.lecheminsauvage.com\\\/?s={search_term_string}\"},\"query-input\":{\"@type\":\"PropertyValueSpecification\",\"valueRequired\":true,\"valueName\":\"search_term_string\"}}],\"inLanguage\":\"en-GB\"},{\"@type\":\"Organization\",\"@id\":\"https:\\\/\\\/www.lecheminsauvage.com\\\/#organization\",\"name\":\"Chemin Sauvage\",\"url\":\"https:\\\/\\\/www.lecheminsauvage.com\\\/\",\"logo\":{\"@type\":\"ImageObject\",\"inLanguage\":\"en-GB\",\"@id\":\"https:\\\/\\\/www.lecheminsauvage.com\\\/#\\\/schema\\\/logo\\\/image\\\/\",\"url\":\"https:\\\/\\\/www.lecheminsauvage.com\\\/wp-content\\\/uploads\\\/2022\\\/05\\\/logo-Le-Chemin-Sauvage.png\",\"contentUrl\":\"https:\\\/\\\/www.lecheminsauvage.com\\\/wp-content\\\/uploads\\\/2022\\\/05\\\/logo-Le-Chemin-Sauvage.png\",\"width\":590,\"height\":590,\"caption\":\"Chemin Sauvage\"},\"image\":{\"@id\":\"https:\\\/\\\/www.lecheminsauvage.com\\\/#\\\/schema\\\/logo\\\/image\\\/\"},\"sameAs\":[\"https:\\\/\\\/www.facebook.com\\\/lecheminsauvagelcs\",\"https:\\\/\\\/www.instagram.com\\\/chemin_sauvage\\\/?hl=fr\"]}]}<\/script>\n<!-- \/ Yoast SEO plugin. -->","yoast_head_json":{"title":"mon compte LCS","description":"mon compte LCS: vous avez acc\u00e8s \u00e0 vos commandes r\u00e9centes, adresses de facturation, changer de mot de passe, d\u00e9tails du compte","robots":{"index":"index","follow":"follow","max-snippet":"max-snippet:-1","max-image-preview":"max-image-preview:large","max-video-preview":"max-video-preview:-1"},"canonical":"https:\/\/www.lecheminsauvage.com\/en\/mon-compte-lcs\/","og_locale":"en_GB","og_type":"article","og_title":"mon compte LCS","og_description":"mon compte LCS: vous avez acc\u00e8s \u00e0 vos commandes r\u00e9centes, adresses de facturation, changer de mot de passe, d\u00e9tails du compte","og_url":"https:\/\/www.lecheminsauvage.com\/en\/mon-compte-lcs\/","og_site_name":"Chemin Sauvage","article_publisher":"https:\/\/www.facebook.com\/lecheminsauvagelcs","article_modified_time":"2025-03-19T07:23:18+00:00","og_image":[{"width":1500,"height":744,"url":"https:\/\/www.lecheminsauvage.com\/wp-content\/uploads\/2022\/05\/Bivouac-1.jpg","type":"image\/jpeg"}],"twitter_card":"summary_large_image","twitter_misc":{"Estimated reading time":"1 minute"},"schema":{"@context":"https:\/\/schema.org","@graph":[{"@type":"WebPage","@id":"https:\/\/www.lecheminsauvage.com\/mon-compte-lcs\/","url":"https:\/\/www.lecheminsauvage.com\/mon-compte-lcs\/","name":"mon compte LCS","isPartOf":{"@id":"https:\/\/www.lecheminsauvage.com\/#website"},"datePublished":"2022-05-28T10:09:47+00:00","dateModified":"2025-03-19T07:23:18+00:00","description":"mon compte LCS: vous avez acc\u00e8s \u00e0 vos commandes r\u00e9centes, adresses de facturation, changer de mot de passe, d\u00e9tails du compte","breadcrumb":{"@id":"https:\/\/www.lecheminsauvage.com\/mon-compte-lcs\/#breadcrumb"},"inLanguage":"en-GB","potentialAction":[{"@type":"ReadAction","target":["https:\/\/www.lecheminsauvage.com\/mon-compte-lcs\/"]}]},{"@type":"BreadcrumbList","@id":"https:\/\/www.lecheminsauvage.com\/mon-compte-lcs\/#breadcrumb","itemListElement":[{"@type":"ListItem","position":1,"name":"Accueil","item":"https:\/\/www.lecheminsauvage.com\/"},{"@type":"ListItem","position":2,"name":"Mon compte"}]},{"@type":"WebSite","@id":"https:\/\/www.lecheminsauvage.com\/#website","url":"https:\/\/www.lecheminsauvage.com\/","name":"Chemin Sauvage","description":"Trek &amp; Bivouac en France","publisher":{"@id":"https:\/\/www.lecheminsauvage.com\/#organization"},"potentialAction":[{"@type":"SearchAction","target":{"@type":"EntryPoint","urlTemplate":"https:\/\/www.lecheminsauvage.com\/?s={search_term_string}"},"query-input":{"@type":"PropertyValueSpecification","valueRequired":true,"valueName":"search_term_string"}}],"inLanguage":"en-GB"},{"@type":"Organization","@id":"https:\/\/www.lecheminsauvage.com\/#organization","name":"Chemin Sauvage","url":"https:\/\/www.lecheminsauvage.com\/","logo":{"@type":"ImageObject","inLanguage":"en-GB","@id":"https:\/\/www.lecheminsauvage.com\/#\/schema\/logo\/image\/","url":"https:\/\/www.lecheminsauvage.com\/wp-content\/uploads\/2022\/05\/logo-Le-Chemin-Sauvage.png","contentUrl":"https:\/\/www.lecheminsauvage.com\/wp-content\/uploads\/2022\/05\/logo-Le-Chemin-Sauvage.png","width":590,"height":590,"caption":"Chemin Sauvage"},"image":{"@id":"https:\/\/www.lecheminsauvage.com\/#\/schema\/logo\/image\/"},"sameAs":["https:\/\/www.facebook.com\/lecheminsauvagelcs","https:\/\/www.instagram.com\/chemin_sauvage\/?hl=fr"]}]}},"_links":{"self":[{"href":"https:\/\/www.lecheminsauvage.com\/en\/wp-json\/wp\/v2\/pages\/351","targetHints":{"allow":["GET"]}}],"collection":[{"href":"https:\/\/www.lecheminsauvage.com\/en\/wp-json\/wp\/v2\/pages"}],"about":[{"href":"https:\/\/www.lecheminsauvage.com\/en\/wp-json\/wp\/v2\/types\/page"}],"author":[{"embeddable":true,"href":"https:\/\/www.lecheminsauvage.com\/en\/wp-json\/wp\/v2\/users\/1"}],"replies":[{"embeddable":true,"href":"https:\/\/www.lecheminsauvage.com\/en\/wp-json\/wp\/v2\/comments?post=351"}],"version-history":[{"count":5,"href":"https:\/\/www.lecheminsauvage.com\/en\/wp-json\/wp\/v2\/pages\/351\/revisions"}],"predecessor-version":[{"id":1029,"href":"https:\/\/www.lecheminsauvage.com\/en\/wp-json\/wp\/v2\/pages\/351\/revisions\/1029"}],"wp:attachment":[{"href":"https:\/\/www.lecheminsauvage.com\/en\/wp-json\/wp\/v2\/media?parent=351"}],"curies":[{"name":"wp","href":"https:\/\/api.w.org\/{rel}","templated":true}]}}