{"id":362,"date":"2022-05-28T10:21:04","date_gmt":"2022-05-28T10:21:04","guid":{"rendered":"https:\/\/www.lecheminsauvage.com\/?post_type=product&#038;p=362"},"modified":"2025-09-03T13:35:37","modified_gmt":"2025-09-03T13:35:37","slug":"troncon-n1-trace-gpx-pdf","status":"publish","type":"product","link":"https:\/\/www.lecheminsauvage.com\/en\/product\/troncon-n1-trace-gpx-pdf\/","title":{"rendered":"<b>Tron\u00e7on \/ Section n\u00b01 <\/b><br><i>de\/from Saint-Brieuc (22) <br>\u00e0\/to Chateaulin (29) <\/i>"},"content":{"rendered":"<p>&nbsp;<\/p>\n<p>&nbsp;<\/p>","protected":false},"excerpt":{"rendered":"<p>Saint-Brieuc, kilom\u00e8tre \u00ab0\u00bb, le Gou\u00ebt, des chaos \u00e0 sa source, les gorges du Corong, Carno\u00ebt et la Vall\u00e9e des Saints, Huelgoat, son immense for\u00eat et ses chaos, berceau de nombreuses l\u00e9gendes celtes, les Monts d\u2019Arr\u00e9e, le massif montagneux aux points culminants de Bretagne (alt. 385 m), la presqu\u2019\u00eele de Crozon, seul pan maritime du Chemin Sauvage et enfin, le M\u00e9nez-Hom.<\/p>","protected":false},"featured_media":1322,"template":"","meta":{"_acf_changed":false},"product_brand":[],"product_cat":[21],"product_tag":[],"class_list":{"0":"post-362","1":"product","2":"type-product","3":"status-publish","4":"has-post-thumbnail","6":"product_cat-traces-gpx-et-pdf","8":"first","9":"instock","10":"sold-individually","11":"shipping-taxable","12":"purchasable","13":"product-type-variable","14":"has-default-attributes"},"acf":[],"yoast_head":"<!-- This site is optimized with the Yoast SEO plugin v27.4 - https:\/\/yoast.com\/product\/yoast-seo-wordpress\/ -->\n<title>Tron\u00e7on n\u00b01 trace gpx\/pdf<\/title>\n<meta name=\"description\" content=\"Tron\u00e7on n\u00b01 trace gpx\/pdf: trace du Chemin Sauvage de Saint-Brieuc (22) \u00e0 Chateaulin (29) disponible en version gpx ou pdf r\u00e9gion Bretagne\" \/>\n<meta name=\"robots\" content=\"index, follow, max-snippet:-1, max-image-preview:large, max-video-preview:-1\" \/>\n<link rel=\"canonical\" href=\"https:\/\/www.lecheminsauvage.com\/en\/product\/troncon-n1-trace-gpx-pdf\/\" \/>\n<meta property=\"og:locale\" content=\"en_GB\" \/>\n<meta property=\"og:type\" content=\"article\" \/>\n<meta property=\"og:title\" content=\"Tron\u00e7on n\u00b01 trace gpx\/pdf\" \/>\n<meta property=\"og:description\" content=\"Tron\u00e7on n\u00b01 trace gpx\/pdf: trace du Chemin Sauvage de Saint-Brieuc (22) \u00e0 Chateaulin (29) disponible en version gpx ou pdf r\u00e9gion Bretagne\" \/>\n<meta property=\"og:url\" content=\"https:\/\/www.lecheminsauvage.com\/en\/product\/troncon-n1-trace-gpx-pdf\/\" \/>\n<meta property=\"og:site_name\" content=\"Chemin Sauvage\" \/>\n<meta property=\"article:publisher\" content=\"https:\/\/www.facebook.com\/lecheminsauvagelcs\" \/>\n<meta property=\"article:modified_time\" content=\"2025-09-03T13:35:37+00:00\" \/>\n<meta property=\"og:image\" content=\"https:\/\/www.lecheminsauvage.com\/wp-content\/uploads\/2022\/05\/Bivouac-1.jpg\" \/>\n\t<meta property=\"og:image:width\" content=\"1500\" \/>\n\t<meta property=\"og:image:height\" content=\"744\" \/>\n\t<meta property=\"og:image:type\" content=\"image\/jpeg\" \/>\n<meta name=\"twitter:card\" content=\"summary_large_image\" \/>\n<meta name=\"twitter:label1\" content=\"Estimated reading time\" \/>\n\t<meta name=\"twitter:data1\" content=\"1 minute\" \/>\n<script type=\"application\/ld+json\" class=\"yoast-schema-graph\">{\"@context\":\"https:\\\/\\\/schema.org\",\"@graph\":[{\"@type\":\"WebPage\",\"@id\":\"https:\\\/\\\/www.lecheminsauvage.com\\\/produit\\\/troncon-n1-trace-gpx-pdf\\\/\",\"url\":\"https:\\\/\\\/www.lecheminsauvage.com\\\/produit\\\/troncon-n1-trace-gpx-pdf\\\/\",\"name\":\"Tron\u00e7on n\u00b01 trace gpx\\\/pdf\",\"isPartOf\":{\"@id\":\"https:\\\/\\\/www.lecheminsauvage.com\\\/#website\"},\"primaryImageOfPage\":{\"@id\":\"https:\\\/\\\/www.lecheminsauvage.com\\\/produit\\\/troncon-n1-trace-gpx-pdf\\\/#primaryimage\"},\"image\":{\"@id\":\"https:\\\/\\\/www.lecheminsauvage.com\\\/produit\\\/troncon-n1-trace-gpx-pdf\\\/#primaryimage\"},\"thumbnailUrl\":\"https:\\\/\\\/www.lecheminsauvage.com\\\/wp-content\\\/uploads\\\/2022\\\/06\\\/Troncon-n\u00b01-Rev.1-de-Saint-Brieuc-22-a-Chateaulin-29-FR-GB.jpg\",\"datePublished\":\"2022-05-28T10:21:04+00:00\",\"dateModified\":\"2025-09-03T13:35:37+00:00\",\"description\":\"Tron\u00e7on n\u00b01 trace gpx\\\/pdf: trace du Chemin Sauvage de Saint-Brieuc (22) \u00e0 Chateaulin (29) disponible en version gpx ou pdf r\u00e9gion Bretagne\",\"breadcrumb\":{\"@id\":\"https:\\\/\\\/www.lecheminsauvage.com\\\/produit\\\/troncon-n1-trace-gpx-pdf\\\/#breadcrumb\"},\"inLanguage\":\"en-GB\",\"potentialAction\":[{\"@type\":\"ReadAction\",\"target\":[\"https:\\\/\\\/www.lecheminsauvage.com\\\/produit\\\/troncon-n1-trace-gpx-pdf\\\/\"]}]},{\"@type\":\"ImageObject\",\"inLanguage\":\"en-GB\",\"@id\":\"https:\\\/\\\/www.lecheminsauvage.com\\\/produit\\\/troncon-n1-trace-gpx-pdf\\\/#primaryimage\",\"url\":\"https:\\\/\\\/www.lecheminsauvage.com\\\/wp-content\\\/uploads\\\/2022\\\/06\\\/Troncon-n\u00b01-Rev.1-de-Saint-Brieuc-22-a-Chateaulin-29-FR-GB.jpg\",\"contentUrl\":\"https:\\\/\\\/www.lecheminsauvage.com\\\/wp-content\\\/uploads\\\/2022\\\/06\\\/Troncon-n\u00b01-Rev.1-de-Saint-Brieuc-22-a-Chateaulin-29-FR-GB.jpg\",\"width\":1660,\"height\":754,\"caption\":\"Tron\u00e7on n\u00b01 trace gpx\\\/pdf: trace du Chemin Sauvage de Saint-Brieuc (22) \u00e0 Chateaulin (29) disponible en version gpx ou pdf r\u00e9gion Bretagne\"},{\"@type\":\"BreadcrumbList\",\"@id\":\"https:\\\/\\\/www.lecheminsauvage.com\\\/produit\\\/troncon-n1-trace-gpx-pdf\\\/#breadcrumb\",\"itemListElement\":[{\"@type\":\"ListItem\",\"position\":1,\"name\":\"Accueil\",\"item\":\"https:\\\/\\\/www.lecheminsauvage.com\\\/\"},{\"@type\":\"ListItem\",\"position\":2,\"name\":\"Produits\",\"item\":\"https:\\\/\\\/www.lecheminsauvage.com\\\/shop\\\/\"},{\"@type\":\"ListItem\",\"position\":3,\"name\":\"Tron\u00e7on \\\/ Section n\u00b01 de\\\/from Saint-Brieuc (22) \u00e0\\\/to Chateaulin (29)\"}]},{\"@type\":\"WebSite\",\"@id\":\"https:\\\/\\\/www.lecheminsauvage.com\\\/#website\",\"url\":\"https:\\\/\\\/www.lecheminsauvage.com\\\/\",\"name\":\"Chemin Sauvage\",\"description\":\"Trek &amp; Bivouac en France\",\"publisher\":{\"@id\":\"https:\\\/\\\/www.lecheminsauvage.com\\\/#organization\"},\"potentialAction\":[{\"@type\":\"SearchAction\",\"target\":{\"@type\":\"EntryPoint\",\"urlTemplate\":\"https:\\\/\\\/www.lecheminsauvage.com\\\/?s={search_term_string}\"},\"query-input\":{\"@type\":\"PropertyValueSpecification\",\"valueRequired\":true,\"valueName\":\"search_term_string\"}}],\"inLanguage\":\"en-GB\"},{\"@type\":\"Organization\",\"@id\":\"https:\\\/\\\/www.lecheminsauvage.com\\\/#organization\",\"name\":\"Chemin Sauvage\",\"url\":\"https:\\\/\\\/www.lecheminsauvage.com\\\/\",\"logo\":{\"@type\":\"ImageObject\",\"inLanguage\":\"en-GB\",\"@id\":\"https:\\\/\\\/www.lecheminsauvage.com\\\/#\\\/schema\\\/logo\\\/image\\\/\",\"url\":\"https:\\\/\\\/www.lecheminsauvage.com\\\/wp-content\\\/uploads\\\/2022\\\/05\\\/logo-Le-Chemin-Sauvage.png\",\"contentUrl\":\"https:\\\/\\\/www.lecheminsauvage.com\\\/wp-content\\\/uploads\\\/2022\\\/05\\\/logo-Le-Chemin-Sauvage.png\",\"width\":590,\"height\":590,\"caption\":\"Chemin Sauvage\"},\"image\":{\"@id\":\"https:\\\/\\\/www.lecheminsauvage.com\\\/#\\\/schema\\\/logo\\\/image\\\/\"},\"sameAs\":[\"https:\\\/\\\/www.facebook.com\\\/lecheminsauvagelcs\",\"https:\\\/\\\/www.instagram.com\\\/chemin_sauvage\\\/?hl=fr\"]}]}<\/script>\n<!-- \/ Yoast SEO plugin. -->","yoast_head_json":{"title":"Tron\u00e7on n\u00b01 trace gpx\/pdf","description":"Tron\u00e7on n\u00b01 trace gpx\/pdf: trace du Chemin Sauvage de Saint-Brieuc (22) \u00e0 Chateaulin (29) disponible en version gpx ou pdf r\u00e9gion Bretagne","robots":{"index":"index","follow":"follow","max-snippet":"max-snippet:-1","max-image-preview":"max-image-preview:large","max-video-preview":"max-video-preview:-1"},"canonical":"https:\/\/www.lecheminsauvage.com\/en\/product\/troncon-n1-trace-gpx-pdf\/","og_locale":"en_GB","og_type":"article","og_title":"Tron\u00e7on n\u00b01 trace gpx\/pdf","og_description":"Tron\u00e7on n\u00b01 trace gpx\/pdf: trace du Chemin Sauvage de Saint-Brieuc (22) \u00e0 Chateaulin (29) disponible en version gpx ou pdf r\u00e9gion Bretagne","og_url":"https:\/\/www.lecheminsauvage.com\/en\/product\/troncon-n1-trace-gpx-pdf\/","og_site_name":"Chemin Sauvage","article_publisher":"https:\/\/www.facebook.com\/lecheminsauvagelcs","article_modified_time":"2025-09-03T13:35:37+00:00","og_image":[{"width":1500,"height":744,"url":"https:\/\/www.lecheminsauvage.com\/wp-content\/uploads\/2022\/05\/Bivouac-1.jpg","type":"image\/jpeg"}],"twitter_card":"summary_large_image","twitter_misc":{"Estimated reading time":"1 minute"},"schema":{"@context":"https:\/\/schema.org","@graph":[{"@type":"WebPage","@id":"https:\/\/www.lecheminsauvage.com\/produit\/troncon-n1-trace-gpx-pdf\/","url":"https:\/\/www.lecheminsauvage.com\/produit\/troncon-n1-trace-gpx-pdf\/","name":"Tron\u00e7on n\u00b01 trace gpx\/pdf","isPartOf":{"@id":"https:\/\/www.lecheminsauvage.com\/#website"},"primaryImageOfPage":{"@id":"https:\/\/www.lecheminsauvage.com\/produit\/troncon-n1-trace-gpx-pdf\/#primaryimage"},"image":{"@id":"https:\/\/www.lecheminsauvage.com\/produit\/troncon-n1-trace-gpx-pdf\/#primaryimage"},"thumbnailUrl":"https:\/\/www.lecheminsauvage.com\/wp-content\/uploads\/2022\/06\/Troncon-n\u00b01-Rev.1-de-Saint-Brieuc-22-a-Chateaulin-29-FR-GB.jpg","datePublished":"2022-05-28T10:21:04+00:00","dateModified":"2025-09-03T13:35:37+00:00","description":"Tron\u00e7on n\u00b01 trace gpx\/pdf: trace du Chemin Sauvage de Saint-Brieuc (22) \u00e0 Chateaulin (29) disponible en version gpx ou pdf r\u00e9gion Bretagne","breadcrumb":{"@id":"https:\/\/www.lecheminsauvage.com\/produit\/troncon-n1-trace-gpx-pdf\/#breadcrumb"},"inLanguage":"en-GB","potentialAction":[{"@type":"ReadAction","target":["https:\/\/www.lecheminsauvage.com\/produit\/troncon-n1-trace-gpx-pdf\/"]}]},{"@type":"ImageObject","inLanguage":"en-GB","@id":"https:\/\/www.lecheminsauvage.com\/produit\/troncon-n1-trace-gpx-pdf\/#primaryimage","url":"https:\/\/www.lecheminsauvage.com\/wp-content\/uploads\/2022\/06\/Troncon-n\u00b01-Rev.1-de-Saint-Brieuc-22-a-Chateaulin-29-FR-GB.jpg","contentUrl":"https:\/\/www.lecheminsauvage.com\/wp-content\/uploads\/2022\/06\/Troncon-n\u00b01-Rev.1-de-Saint-Brieuc-22-a-Chateaulin-29-FR-GB.jpg","width":1660,"height":754,"caption":"Tron\u00e7on n\u00b01 trace gpx\/pdf: trace du Chemin Sauvage de Saint-Brieuc (22) \u00e0 Chateaulin (29) disponible en version gpx ou pdf r\u00e9gion Bretagne"},{"@type":"BreadcrumbList","@id":"https:\/\/www.lecheminsauvage.com\/produit\/troncon-n1-trace-gpx-pdf\/#breadcrumb","itemListElement":[{"@type":"ListItem","position":1,"name":"Accueil","item":"https:\/\/www.lecheminsauvage.com\/"},{"@type":"ListItem","position":2,"name":"Produits","item":"https:\/\/www.lecheminsauvage.com\/shop\/"},{"@type":"ListItem","position":3,"name":"Tron\u00e7on \/ Section n\u00b01 de\/from Saint-Brieuc (22) \u00e0\/to Chateaulin (29)"}]},{"@type":"WebSite","@id":"https:\/\/www.lecheminsauvage.com\/#website","url":"https:\/\/www.lecheminsauvage.com\/","name":"Chemin Sauvage","description":"Trek &amp; Bivouac en France","publisher":{"@id":"https:\/\/www.lecheminsauvage.com\/#organization"},"potentialAction":[{"@type":"SearchAction","target":{"@type":"EntryPoint","urlTemplate":"https:\/\/www.lecheminsauvage.com\/?s={search_term_string}"},"query-input":{"@type":"PropertyValueSpecification","valueRequired":true,"valueName":"search_term_string"}}],"inLanguage":"en-GB"},{"@type":"Organization","@id":"https:\/\/www.lecheminsauvage.com\/#organization","name":"Chemin Sauvage","url":"https:\/\/www.lecheminsauvage.com\/","logo":{"@type":"ImageObject","inLanguage":"en-GB","@id":"https:\/\/www.lecheminsauvage.com\/#\/schema\/logo\/image\/","url":"https:\/\/www.lecheminsauvage.com\/wp-content\/uploads\/2022\/05\/logo-Le-Chemin-Sauvage.png","contentUrl":"https:\/\/www.lecheminsauvage.com\/wp-content\/uploads\/2022\/05\/logo-Le-Chemin-Sauvage.png","width":590,"height":590,"caption":"Chemin Sauvage"},"image":{"@id":"https:\/\/www.lecheminsauvage.com\/#\/schema\/logo\/image\/"},"sameAs":["https:\/\/www.facebook.com\/lecheminsauvagelcs","https:\/\/www.instagram.com\/chemin_sauvage\/?hl=fr"]}]}},"_links":{"self":[{"href":"https:\/\/www.lecheminsauvage.com\/en\/wp-json\/wp\/v2\/product\/362","targetHints":{"allow":["GET"]}}],"collection":[{"href":"https:\/\/www.lecheminsauvage.com\/en\/wp-json\/wp\/v2\/product"}],"about":[{"href":"https:\/\/www.lecheminsauvage.com\/en\/wp-json\/wp\/v2\/types\/product"}],"wp:featuredmedia":[{"embeddable":true,"href":"https:\/\/www.lecheminsauvage.com\/en\/wp-json\/wp\/v2\/media\/1322"}],"wp:attachment":[{"href":"https:\/\/www.lecheminsauvage.com\/en\/wp-json\/wp\/v2\/media?parent=362"}],"wp:term":[{"taxonomy":"product_brand","embeddable":true,"href":"https:\/\/www.lecheminsauvage.com\/en\/wp-json\/wp\/v2\/product_brand?post=362"},{"taxonomy":"product_cat","embeddable":true,"href":"https:\/\/www.lecheminsauvage.com\/en\/wp-json\/wp\/v2\/product_cat?post=362"},{"taxonomy":"product_tag","embeddable":true,"href":"https:\/\/www.lecheminsauvage.com\/en\/wp-json\/wp\/v2\/product_tag?post=362"}],"curies":[{"name":"wp","href":"https:\/\/api.w.org\/{rel}","templated":true}]}}