{"id":428,"date":"2022-05-28T13:25:43","date_gmt":"2022-05-28T13:25:43","guid":{"rendered":"https:\/\/www.lecheminsauvage.com\/?post_type=product&#038;p=428"},"modified":"2025-09-26T09:16:28","modified_gmt":"2025-09-26T09:16:28","slug":"troncon-n3-trace-gpx-pdf","status":"publish","type":"product","link":"https:\/\/www.lecheminsauvage.com\/en\/product\/troncon-n3-trace-gpx-pdf\/","title":{"rendered":"<b>Tron\u00e7on\/Section n\u00b03 <\/b><br><i>de\/from Redon (35) <br>\u00e0\/to Chinon (37) <\/i>"},"content":{"rendered":"","protected":false},"excerpt":{"rendered":"<p>Vall\u00e9e du Don, C\u00f4teaux de la Loire, coul\u00e9es vertes du Cellier, l\u2019immense for\u00eat du G\u00e2vre, les \u00eeles de Loire et boires, vignobles des c\u00f4teaux du Layon, Saumur, ses caves \u00e0 vins et mus\u00e9es, Montsoreau, Fontevraud et son Abbaye royale, pour finir \u00e0 Chinon, sa forteresse royale et sa vieille ville.<\/p>","protected":false},"featured_media":1324,"template":"","meta":{"_acf_changed":false},"product_brand":[],"product_cat":[21],"product_tag":[],"class_list":{"0":"post-428","1":"product","2":"type-product","3":"status-publish","4":"has-post-thumbnail","6":"product_cat-traces-gpx-et-pdf","8":"first","9":"instock","10":"sold-individually","11":"shipping-taxable","12":"purchasable","13":"product-type-variable"},"acf":[],"yoast_head":"<!-- This site is optimized with the Yoast SEO plugin v27.4 - https:\/\/yoast.com\/product\/yoast-seo-wordpress\/ -->\n<title>Tron\u00e7on n\u00b03 trace gpx\/pdf<\/title>\n<meta name=\"description\" content=\"Tron\u00e7on n\u00b03 trace gpx\/pdf: trace du Chemin Sauvage de Redon (35) \u00e0 Chinon (37) disponible en version gpx ou pdf entre Bretagne et Val de Loire\" \/>\n<meta name=\"robots\" content=\"index, follow, max-snippet:-1, max-image-preview:large, max-video-preview:-1\" \/>\n<link rel=\"canonical\" href=\"https:\/\/www.lecheminsauvage.com\/en\/product\/troncon-n3-trace-gpx-pdf\/\" \/>\n<meta property=\"og:locale\" content=\"en_GB\" \/>\n<meta property=\"og:type\" content=\"article\" \/>\n<meta property=\"og:title\" content=\"Tron\u00e7on n\u00b03 trace gpx\/pdf\" \/>\n<meta property=\"og:description\" content=\"Tron\u00e7on n\u00b03 trace gpx\/pdf: trace du Chemin Sauvage de Redon (35) \u00e0 Chinon (37) disponible en version gpx ou pdf entre Bretagne et Val de Loire\" \/>\n<meta property=\"og:url\" content=\"https:\/\/www.lecheminsauvage.com\/en\/product\/troncon-n3-trace-gpx-pdf\/\" \/>\n<meta property=\"og:site_name\" content=\"Chemin Sauvage\" \/>\n<meta property=\"article:publisher\" content=\"https:\/\/www.facebook.com\/lecheminsauvagelcs\" \/>\n<meta property=\"article:modified_time\" content=\"2025-09-26T09:16:28+00:00\" \/>\n<meta property=\"og:image\" content=\"https:\/\/www.lecheminsauvage.com\/wp-content\/uploads\/2022\/05\/Bivouac-1.jpg\" \/>\n\t<meta property=\"og:image:width\" content=\"1500\" \/>\n\t<meta property=\"og:image:height\" content=\"744\" \/>\n\t<meta property=\"og:image:type\" content=\"image\/jpeg\" \/>\n<meta name=\"twitter:card\" content=\"summary_large_image\" \/>\n<meta name=\"twitter:label1\" content=\"Estimated reading time\" \/>\n\t<meta name=\"twitter:data1\" content=\"1 minute\" \/>\n<script type=\"application\/ld+json\" class=\"yoast-schema-graph\">{\"@context\":\"https:\\\/\\\/schema.org\",\"@graph\":[{\"@type\":\"WebPage\",\"@id\":\"https:\\\/\\\/www.lecheminsauvage.com\\\/produit\\\/troncon-n3-trace-gpx-pdf\\\/\",\"url\":\"https:\\\/\\\/www.lecheminsauvage.com\\\/produit\\\/troncon-n3-trace-gpx-pdf\\\/\",\"name\":\"Tron\u00e7on n\u00b03 trace gpx\\\/pdf\",\"isPartOf\":{\"@id\":\"https:\\\/\\\/www.lecheminsauvage.com\\\/#website\"},\"primaryImageOfPage\":{\"@id\":\"https:\\\/\\\/www.lecheminsauvage.com\\\/produit\\\/troncon-n3-trace-gpx-pdf\\\/#primaryimage\"},\"image\":{\"@id\":\"https:\\\/\\\/www.lecheminsauvage.com\\\/produit\\\/troncon-n3-trace-gpx-pdf\\\/#primaryimage\"},\"thumbnailUrl\":\"https:\\\/\\\/www.lecheminsauvage.com\\\/wp-content\\\/uploads\\\/2022\\\/06\\\/Troncon-n\u00b03-de-Redon-35-a-Chinon-37-FR-GB.jpg\",\"datePublished\":\"2022-05-28T13:25:43+00:00\",\"dateModified\":\"2025-09-26T09:16:28+00:00\",\"description\":\"Tron\u00e7on n\u00b03 trace gpx\\\/pdf: trace du Chemin Sauvage de Redon (35) \u00e0 Chinon (37) disponible en version gpx ou pdf entre Bretagne et Val de Loire\",\"breadcrumb\":{\"@id\":\"https:\\\/\\\/www.lecheminsauvage.com\\\/produit\\\/troncon-n3-trace-gpx-pdf\\\/#breadcrumb\"},\"inLanguage\":\"en-GB\",\"potentialAction\":[{\"@type\":\"ReadAction\",\"target\":[\"https:\\\/\\\/www.lecheminsauvage.com\\\/produit\\\/troncon-n3-trace-gpx-pdf\\\/\"]}]},{\"@type\":\"ImageObject\",\"inLanguage\":\"en-GB\",\"@id\":\"https:\\\/\\\/www.lecheminsauvage.com\\\/produit\\\/troncon-n3-trace-gpx-pdf\\\/#primaryimage\",\"url\":\"https:\\\/\\\/www.lecheminsauvage.com\\\/wp-content\\\/uploads\\\/2022\\\/06\\\/Troncon-n\u00b03-de-Redon-35-a-Chinon-37-FR-GB.jpg\",\"contentUrl\":\"https:\\\/\\\/www.lecheminsauvage.com\\\/wp-content\\\/uploads\\\/2022\\\/06\\\/Troncon-n\u00b03-de-Redon-35-a-Chinon-37-FR-GB.jpg\",\"width\":1837,\"height\":748,\"caption\":\"Tron\u00e7on n\u00b03 trace gpx\\\/pdf: trace du Chemin Sauvage de Redon (35) \u00e0 Chinon (37) disponible en version gpx ou pdf entre Bretagne et Val de Loire\"},{\"@type\":\"BreadcrumbList\",\"@id\":\"https:\\\/\\\/www.lecheminsauvage.com\\\/produit\\\/troncon-n3-trace-gpx-pdf\\\/#breadcrumb\",\"itemListElement\":[{\"@type\":\"ListItem\",\"position\":1,\"name\":\"Accueil\",\"item\":\"https:\\\/\\\/www.lecheminsauvage.com\\\/\"},{\"@type\":\"ListItem\",\"position\":2,\"name\":\"Produits\",\"item\":\"https:\\\/\\\/www.lecheminsauvage.com\\\/shop\\\/\"},{\"@type\":\"ListItem\",\"position\":3,\"name\":\"Tron\u00e7on\\\/Section n\u00b03 de\\\/from Redon (35) \u00e0\\\/to Chinon (37)\"}]},{\"@type\":\"WebSite\",\"@id\":\"https:\\\/\\\/www.lecheminsauvage.com\\\/#website\",\"url\":\"https:\\\/\\\/www.lecheminsauvage.com\\\/\",\"name\":\"Chemin Sauvage\",\"description\":\"Trek &amp; Bivouac en France\",\"publisher\":{\"@id\":\"https:\\\/\\\/www.lecheminsauvage.com\\\/#organization\"},\"potentialAction\":[{\"@type\":\"SearchAction\",\"target\":{\"@type\":\"EntryPoint\",\"urlTemplate\":\"https:\\\/\\\/www.lecheminsauvage.com\\\/?s={search_term_string}\"},\"query-input\":{\"@type\":\"PropertyValueSpecification\",\"valueRequired\":true,\"valueName\":\"search_term_string\"}}],\"inLanguage\":\"en-GB\"},{\"@type\":\"Organization\",\"@id\":\"https:\\\/\\\/www.lecheminsauvage.com\\\/#organization\",\"name\":\"Chemin Sauvage\",\"url\":\"https:\\\/\\\/www.lecheminsauvage.com\\\/\",\"logo\":{\"@type\":\"ImageObject\",\"inLanguage\":\"en-GB\",\"@id\":\"https:\\\/\\\/www.lecheminsauvage.com\\\/#\\\/schema\\\/logo\\\/image\\\/\",\"url\":\"https:\\\/\\\/www.lecheminsauvage.com\\\/wp-content\\\/uploads\\\/2022\\\/05\\\/logo-Le-Chemin-Sauvage.png\",\"contentUrl\":\"https:\\\/\\\/www.lecheminsauvage.com\\\/wp-content\\\/uploads\\\/2022\\\/05\\\/logo-Le-Chemin-Sauvage.png\",\"width\":590,\"height\":590,\"caption\":\"Chemin Sauvage\"},\"image\":{\"@id\":\"https:\\\/\\\/www.lecheminsauvage.com\\\/#\\\/schema\\\/logo\\\/image\\\/\"},\"sameAs\":[\"https:\\\/\\\/www.facebook.com\\\/lecheminsauvagelcs\",\"https:\\\/\\\/www.instagram.com\\\/chemin_sauvage\\\/?hl=fr\"]}]}<\/script>\n<!-- \/ Yoast SEO plugin. -->","yoast_head_json":{"title":"Tron\u00e7on n\u00b03 trace gpx\/pdf","description":"Tron\u00e7on n\u00b03 trace gpx\/pdf: trace du Chemin Sauvage de Redon (35) \u00e0 Chinon (37) disponible en version gpx ou pdf entre Bretagne et Val de Loire","robots":{"index":"index","follow":"follow","max-snippet":"max-snippet:-1","max-image-preview":"max-image-preview:large","max-video-preview":"max-video-preview:-1"},"canonical":"https:\/\/www.lecheminsauvage.com\/en\/product\/troncon-n3-trace-gpx-pdf\/","og_locale":"en_GB","og_type":"article","og_title":"Tron\u00e7on n\u00b03 trace gpx\/pdf","og_description":"Tron\u00e7on n\u00b03 trace gpx\/pdf: trace du Chemin Sauvage de Redon (35) \u00e0 Chinon (37) disponible en version gpx ou pdf entre Bretagne et Val de Loire","og_url":"https:\/\/www.lecheminsauvage.com\/en\/product\/troncon-n3-trace-gpx-pdf\/","og_site_name":"Chemin Sauvage","article_publisher":"https:\/\/www.facebook.com\/lecheminsauvagelcs","article_modified_time":"2025-09-26T09:16:28+00:00","og_image":[{"width":1500,"height":744,"url":"https:\/\/www.lecheminsauvage.com\/wp-content\/uploads\/2022\/05\/Bivouac-1.jpg","type":"image\/jpeg"}],"twitter_card":"summary_large_image","twitter_misc":{"Estimated reading time":"1 minute"},"schema":{"@context":"https:\/\/schema.org","@graph":[{"@type":"WebPage","@id":"https:\/\/www.lecheminsauvage.com\/produit\/troncon-n3-trace-gpx-pdf\/","url":"https:\/\/www.lecheminsauvage.com\/produit\/troncon-n3-trace-gpx-pdf\/","name":"Tron\u00e7on n\u00b03 trace gpx\/pdf","isPartOf":{"@id":"https:\/\/www.lecheminsauvage.com\/#website"},"primaryImageOfPage":{"@id":"https:\/\/www.lecheminsauvage.com\/produit\/troncon-n3-trace-gpx-pdf\/#primaryimage"},"image":{"@id":"https:\/\/www.lecheminsauvage.com\/produit\/troncon-n3-trace-gpx-pdf\/#primaryimage"},"thumbnailUrl":"https:\/\/www.lecheminsauvage.com\/wp-content\/uploads\/2022\/06\/Troncon-n\u00b03-de-Redon-35-a-Chinon-37-FR-GB.jpg","datePublished":"2022-05-28T13:25:43+00:00","dateModified":"2025-09-26T09:16:28+00:00","description":"Tron\u00e7on n\u00b03 trace gpx\/pdf: trace du Chemin Sauvage de Redon (35) \u00e0 Chinon (37) disponible en version gpx ou pdf entre Bretagne et Val de Loire","breadcrumb":{"@id":"https:\/\/www.lecheminsauvage.com\/produit\/troncon-n3-trace-gpx-pdf\/#breadcrumb"},"inLanguage":"en-GB","potentialAction":[{"@type":"ReadAction","target":["https:\/\/www.lecheminsauvage.com\/produit\/troncon-n3-trace-gpx-pdf\/"]}]},{"@type":"ImageObject","inLanguage":"en-GB","@id":"https:\/\/www.lecheminsauvage.com\/produit\/troncon-n3-trace-gpx-pdf\/#primaryimage","url":"https:\/\/www.lecheminsauvage.com\/wp-content\/uploads\/2022\/06\/Troncon-n\u00b03-de-Redon-35-a-Chinon-37-FR-GB.jpg","contentUrl":"https:\/\/www.lecheminsauvage.com\/wp-content\/uploads\/2022\/06\/Troncon-n\u00b03-de-Redon-35-a-Chinon-37-FR-GB.jpg","width":1837,"height":748,"caption":"Tron\u00e7on n\u00b03 trace gpx\/pdf: trace du Chemin Sauvage de Redon (35) \u00e0 Chinon (37) disponible en version gpx ou pdf entre Bretagne et Val de Loire"},{"@type":"BreadcrumbList","@id":"https:\/\/www.lecheminsauvage.com\/produit\/troncon-n3-trace-gpx-pdf\/#breadcrumb","itemListElement":[{"@type":"ListItem","position":1,"name":"Accueil","item":"https:\/\/www.lecheminsauvage.com\/"},{"@type":"ListItem","position":2,"name":"Produits","item":"https:\/\/www.lecheminsauvage.com\/shop\/"},{"@type":"ListItem","position":3,"name":"Tron\u00e7on\/Section n\u00b03 de\/from Redon (35) \u00e0\/to Chinon (37)"}]},{"@type":"WebSite","@id":"https:\/\/www.lecheminsauvage.com\/#website","url":"https:\/\/www.lecheminsauvage.com\/","name":"Chemin Sauvage","description":"Trek &amp; Bivouac en France","publisher":{"@id":"https:\/\/www.lecheminsauvage.com\/#organization"},"potentialAction":[{"@type":"SearchAction","target":{"@type":"EntryPoint","urlTemplate":"https:\/\/www.lecheminsauvage.com\/?s={search_term_string}"},"query-input":{"@type":"PropertyValueSpecification","valueRequired":true,"valueName":"search_term_string"}}],"inLanguage":"en-GB"},{"@type":"Organization","@id":"https:\/\/www.lecheminsauvage.com\/#organization","name":"Chemin Sauvage","url":"https:\/\/www.lecheminsauvage.com\/","logo":{"@type":"ImageObject","inLanguage":"en-GB","@id":"https:\/\/www.lecheminsauvage.com\/#\/schema\/logo\/image\/","url":"https:\/\/www.lecheminsauvage.com\/wp-content\/uploads\/2022\/05\/logo-Le-Chemin-Sauvage.png","contentUrl":"https:\/\/www.lecheminsauvage.com\/wp-content\/uploads\/2022\/05\/logo-Le-Chemin-Sauvage.png","width":590,"height":590,"caption":"Chemin Sauvage"},"image":{"@id":"https:\/\/www.lecheminsauvage.com\/#\/schema\/logo\/image\/"},"sameAs":["https:\/\/www.facebook.com\/lecheminsauvagelcs","https:\/\/www.instagram.com\/chemin_sauvage\/?hl=fr"]}]}},"_links":{"self":[{"href":"https:\/\/www.lecheminsauvage.com\/en\/wp-json\/wp\/v2\/product\/428","targetHints":{"allow":["GET"]}}],"collection":[{"href":"https:\/\/www.lecheminsauvage.com\/en\/wp-json\/wp\/v2\/product"}],"about":[{"href":"https:\/\/www.lecheminsauvage.com\/en\/wp-json\/wp\/v2\/types\/product"}],"wp:featuredmedia":[{"embeddable":true,"href":"https:\/\/www.lecheminsauvage.com\/en\/wp-json\/wp\/v2\/media\/1324"}],"wp:attachment":[{"href":"https:\/\/www.lecheminsauvage.com\/en\/wp-json\/wp\/v2\/media?parent=428"}],"wp:term":[{"taxonomy":"product_brand","embeddable":true,"href":"https:\/\/www.lecheminsauvage.com\/en\/wp-json\/wp\/v2\/product_brand?post=428"},{"taxonomy":"product_cat","embeddable":true,"href":"https:\/\/www.lecheminsauvage.com\/en\/wp-json\/wp\/v2\/product_cat?post=428"},{"taxonomy":"product_tag","embeddable":true,"href":"https:\/\/www.lecheminsauvage.com\/en\/wp-json\/wp\/v2\/product_tag?post=428"}],"curies":[{"name":"wp","href":"https:\/\/api.w.org\/{rel}","templated":true}]}}