{"id":686,"date":"2022-06-11T14:25:59","date_gmt":"2022-06-11T14:25:59","guid":{"rendered":"https:\/\/www.lecheminsauvage.com\/?post_type=product&#038;p=686"},"modified":"2026-04-12T14:38:46","modified_gmt":"2026-04-12T14:38:46","slug":"troncon-n4-trace-gpx-pdf","status":"publish","type":"product","link":"https:\/\/www.lecheminsauvage.com\/en\/product\/troncon-n4-trace-gpx-pdf\/","title":{"rendered":"<b>Tron\u00e7on\/Section n\u00b04 <\/b><br><i>de\/from Chinon (37) <br>\u00e0\/to Argenton s\/ Creuse (36) <\/i>"},"content":{"rendered":"","protected":false},"excerpt":{"rendered":"<p>Depuis Chinon, une belle suite de villages aux \u00e9difices et lieux naturels pr\u00e9serv\u00e9s au rythme de la Creuse\u2026 Cravant-les-C\u00f4teaux, Abilly, Le Grand Pressigny, son ch\u00e2teau et son mus\u00e9e de la pr\u00e9histoire, Angles-sur-l\u2019Anglin, La Roche-Posay, Le Blanc et son viaduc, Argenton-sur-Creuse, la petite Venise du Berry. In\u00e9vitable, la commune de\u2026 \u00abSauvage\u00bb\u00a0!<\/p>","protected":false},"featured_media":1325,"template":"","meta":{"_acf_changed":false},"product_brand":[],"product_cat":[21],"product_tag":[],"class_list":{"0":"post-686","1":"product","2":"type-product","3":"status-publish","4":"has-post-thumbnail","6":"product_cat-traces-gpx-et-pdf","8":"first","9":"instock","10":"sold-individually","11":"shipping-taxable","12":"purchasable","13":"product-type-variable"},"acf":[],"yoast_head":"<!-- This site is optimized with the Yoast SEO plugin v27.4 - https:\/\/yoast.com\/product\/yoast-seo-wordpress\/ -->\n<title>Tron\u00e7on n\u00b04 trace gpx\/pdf<\/title>\n<meta name=\"description\" content=\"Tron\u00e7on n\u00b04 trace gpx\/pdf: trace du Chemin Sauvage de Chinon (37) \u00e0 Argenton s\/ Creuse (36) disponible en version gpx ou pdf\" \/>\n<meta name=\"robots\" content=\"index, follow, max-snippet:-1, max-image-preview:large, max-video-preview:-1\" \/>\n<link rel=\"canonical\" href=\"https:\/\/www.lecheminsauvage.com\/en\/product\/troncon-n4-trace-gpx-pdf\/\" \/>\n<meta property=\"og:locale\" content=\"en_GB\" \/>\n<meta property=\"og:type\" content=\"article\" \/>\n<meta property=\"og:title\" content=\"Tron\u00e7on n\u00b04 trace gpx\/pdf\" \/>\n<meta property=\"og:description\" content=\"Tron\u00e7on n\u00b04 trace gpx\/pdf: trace du Chemin Sauvage de Chinon (37) \u00e0 Argenton s\/ Creuse (36) disponible en version gpx ou pdf\" \/>\n<meta property=\"og:url\" content=\"https:\/\/www.lecheminsauvage.com\/en\/product\/troncon-n4-trace-gpx-pdf\/\" \/>\n<meta property=\"og:site_name\" content=\"Chemin Sauvage\" \/>\n<meta property=\"article:publisher\" content=\"https:\/\/www.facebook.com\/lecheminsauvagelcs\" \/>\n<meta property=\"article:modified_time\" content=\"2026-04-12T14:38:46+00:00\" \/>\n<meta property=\"og:image\" content=\"https:\/\/www.lecheminsauvage.com\/wp-content\/uploads\/2022\/05\/Bivouac-1.jpg\" \/>\n\t<meta property=\"og:image:width\" content=\"1500\" \/>\n\t<meta property=\"og:image:height\" content=\"744\" \/>\n\t<meta property=\"og:image:type\" content=\"image\/jpeg\" \/>\n<meta name=\"twitter:card\" content=\"summary_large_image\" \/>\n<meta name=\"twitter:label1\" content=\"Estimated reading time\" \/>\n\t<meta name=\"twitter:data1\" content=\"1 minute\" \/>\n<script type=\"application\/ld+json\" class=\"yoast-schema-graph\">{\"@context\":\"https:\\\/\\\/schema.org\",\"@graph\":[{\"@type\":\"WebPage\",\"@id\":\"https:\\\/\\\/www.lecheminsauvage.com\\\/produit\\\/troncon-n4-trace-gpx-pdf\\\/\",\"url\":\"https:\\\/\\\/www.lecheminsauvage.com\\\/produit\\\/troncon-n4-trace-gpx-pdf\\\/\",\"name\":\"Tron\u00e7on n\u00b04 trace gpx\\\/pdf\",\"isPartOf\":{\"@id\":\"https:\\\/\\\/www.lecheminsauvage.com\\\/#website\"},\"primaryImageOfPage\":{\"@id\":\"https:\\\/\\\/www.lecheminsauvage.com\\\/produit\\\/troncon-n4-trace-gpx-pdf\\\/#primaryimage\"},\"image\":{\"@id\":\"https:\\\/\\\/www.lecheminsauvage.com\\\/produit\\\/troncon-n4-trace-gpx-pdf\\\/#primaryimage\"},\"thumbnailUrl\":\"https:\\\/\\\/www.lecheminsauvage.com\\\/wp-content\\\/uploads\\\/2022\\\/06\\\/Troncon-n\u00b04-de-Chinon-37-a-Argenton-sur-Creuse-36-FR-GB.jpg\",\"datePublished\":\"2022-06-11T14:25:59+00:00\",\"dateModified\":\"2026-04-12T14:38:46+00:00\",\"description\":\"Tron\u00e7on n\u00b04 trace gpx\\\/pdf: trace du Chemin Sauvage de Chinon (37) \u00e0 Argenton s\\\/ Creuse (36) disponible en version gpx ou pdf\",\"breadcrumb\":{\"@id\":\"https:\\\/\\\/www.lecheminsauvage.com\\\/produit\\\/troncon-n4-trace-gpx-pdf\\\/#breadcrumb\"},\"inLanguage\":\"en-GB\",\"potentialAction\":[{\"@type\":\"ReadAction\",\"target\":[\"https:\\\/\\\/www.lecheminsauvage.com\\\/produit\\\/troncon-n4-trace-gpx-pdf\\\/\"]}]},{\"@type\":\"ImageObject\",\"inLanguage\":\"en-GB\",\"@id\":\"https:\\\/\\\/www.lecheminsauvage.com\\\/produit\\\/troncon-n4-trace-gpx-pdf\\\/#primaryimage\",\"url\":\"https:\\\/\\\/www.lecheminsauvage.com\\\/wp-content\\\/uploads\\\/2022\\\/06\\\/Troncon-n\u00b04-de-Chinon-37-a-Argenton-sur-Creuse-36-FR-GB.jpg\",\"contentUrl\":\"https:\\\/\\\/www.lecheminsauvage.com\\\/wp-content\\\/uploads\\\/2022\\\/06\\\/Troncon-n\u00b04-de-Chinon-37-a-Argenton-sur-Creuse-36-FR-GB.jpg\",\"width\":1008,\"height\":704,\"caption\":\"Tron\u00e7on n\u00b04 trace gpx\\\/pdf: trace du Chemin Sauvage de Chinon (37) \u00e0 Argenton s\\\/ Creuse (36) disponible en version gpx ou pdf\"},{\"@type\":\"BreadcrumbList\",\"@id\":\"https:\\\/\\\/www.lecheminsauvage.com\\\/produit\\\/troncon-n4-trace-gpx-pdf\\\/#breadcrumb\",\"itemListElement\":[{\"@type\":\"ListItem\",\"position\":1,\"name\":\"Accueil\",\"item\":\"https:\\\/\\\/www.lecheminsauvage.com\\\/\"},{\"@type\":\"ListItem\",\"position\":2,\"name\":\"Produits\",\"item\":\"https:\\\/\\\/www.lecheminsauvage.com\\\/shop\\\/\"},{\"@type\":\"ListItem\",\"position\":3,\"name\":\"Tron\u00e7on\\\/Section n\u00b04 de\\\/from Chinon (37) \u00e0\\\/to Argenton s\\\/ Creuse (36)\"}]},{\"@type\":\"WebSite\",\"@id\":\"https:\\\/\\\/www.lecheminsauvage.com\\\/#website\",\"url\":\"https:\\\/\\\/www.lecheminsauvage.com\\\/\",\"name\":\"Chemin Sauvage\",\"description\":\"Trek &amp; Bivouac en France\",\"publisher\":{\"@id\":\"https:\\\/\\\/www.lecheminsauvage.com\\\/#organization\"},\"potentialAction\":[{\"@type\":\"SearchAction\",\"target\":{\"@type\":\"EntryPoint\",\"urlTemplate\":\"https:\\\/\\\/www.lecheminsauvage.com\\\/?s={search_term_string}\"},\"query-input\":{\"@type\":\"PropertyValueSpecification\",\"valueRequired\":true,\"valueName\":\"search_term_string\"}}],\"inLanguage\":\"en-GB\"},{\"@type\":\"Organization\",\"@id\":\"https:\\\/\\\/www.lecheminsauvage.com\\\/#organization\",\"name\":\"Chemin Sauvage\",\"url\":\"https:\\\/\\\/www.lecheminsauvage.com\\\/\",\"logo\":{\"@type\":\"ImageObject\",\"inLanguage\":\"en-GB\",\"@id\":\"https:\\\/\\\/www.lecheminsauvage.com\\\/#\\\/schema\\\/logo\\\/image\\\/\",\"url\":\"https:\\\/\\\/www.lecheminsauvage.com\\\/wp-content\\\/uploads\\\/2022\\\/05\\\/logo-Le-Chemin-Sauvage.png\",\"contentUrl\":\"https:\\\/\\\/www.lecheminsauvage.com\\\/wp-content\\\/uploads\\\/2022\\\/05\\\/logo-Le-Chemin-Sauvage.png\",\"width\":590,\"height\":590,\"caption\":\"Chemin Sauvage\"},\"image\":{\"@id\":\"https:\\\/\\\/www.lecheminsauvage.com\\\/#\\\/schema\\\/logo\\\/image\\\/\"},\"sameAs\":[\"https:\\\/\\\/www.facebook.com\\\/lecheminsauvagelcs\",\"https:\\\/\\\/www.instagram.com\\\/chemin_sauvage\\\/?hl=fr\"]}]}<\/script>\n<!-- \/ Yoast SEO plugin. -->","yoast_head_json":{"title":"Tron\u00e7on n\u00b04 trace gpx\/pdf","description":"Tron\u00e7on n\u00b04 trace gpx\/pdf: trace du Chemin Sauvage de Chinon (37) \u00e0 Argenton s\/ Creuse (36) disponible en version gpx ou pdf","robots":{"index":"index","follow":"follow","max-snippet":"max-snippet:-1","max-image-preview":"max-image-preview:large","max-video-preview":"max-video-preview:-1"},"canonical":"https:\/\/www.lecheminsauvage.com\/en\/product\/troncon-n4-trace-gpx-pdf\/","og_locale":"en_GB","og_type":"article","og_title":"Tron\u00e7on n\u00b04 trace gpx\/pdf","og_description":"Tron\u00e7on n\u00b04 trace gpx\/pdf: trace du Chemin Sauvage de Chinon (37) \u00e0 Argenton s\/ Creuse (36) disponible en version gpx ou pdf","og_url":"https:\/\/www.lecheminsauvage.com\/en\/product\/troncon-n4-trace-gpx-pdf\/","og_site_name":"Chemin Sauvage","article_publisher":"https:\/\/www.facebook.com\/lecheminsauvagelcs","article_modified_time":"2026-04-12T14:38:46+00:00","og_image":[{"width":1500,"height":744,"url":"https:\/\/www.lecheminsauvage.com\/wp-content\/uploads\/2022\/05\/Bivouac-1.jpg","type":"image\/jpeg"}],"twitter_card":"summary_large_image","twitter_misc":{"Estimated reading time":"1 minute"},"schema":{"@context":"https:\/\/schema.org","@graph":[{"@type":"WebPage","@id":"https:\/\/www.lecheminsauvage.com\/produit\/troncon-n4-trace-gpx-pdf\/","url":"https:\/\/www.lecheminsauvage.com\/produit\/troncon-n4-trace-gpx-pdf\/","name":"Tron\u00e7on n\u00b04 trace gpx\/pdf","isPartOf":{"@id":"https:\/\/www.lecheminsauvage.com\/#website"},"primaryImageOfPage":{"@id":"https:\/\/www.lecheminsauvage.com\/produit\/troncon-n4-trace-gpx-pdf\/#primaryimage"},"image":{"@id":"https:\/\/www.lecheminsauvage.com\/produit\/troncon-n4-trace-gpx-pdf\/#primaryimage"},"thumbnailUrl":"https:\/\/www.lecheminsauvage.com\/wp-content\/uploads\/2022\/06\/Troncon-n\u00b04-de-Chinon-37-a-Argenton-sur-Creuse-36-FR-GB.jpg","datePublished":"2022-06-11T14:25:59+00:00","dateModified":"2026-04-12T14:38:46+00:00","description":"Tron\u00e7on n\u00b04 trace gpx\/pdf: trace du Chemin Sauvage de Chinon (37) \u00e0 Argenton s\/ Creuse (36) disponible en version gpx ou pdf","breadcrumb":{"@id":"https:\/\/www.lecheminsauvage.com\/produit\/troncon-n4-trace-gpx-pdf\/#breadcrumb"},"inLanguage":"en-GB","potentialAction":[{"@type":"ReadAction","target":["https:\/\/www.lecheminsauvage.com\/produit\/troncon-n4-trace-gpx-pdf\/"]}]},{"@type":"ImageObject","inLanguage":"en-GB","@id":"https:\/\/www.lecheminsauvage.com\/produit\/troncon-n4-trace-gpx-pdf\/#primaryimage","url":"https:\/\/www.lecheminsauvage.com\/wp-content\/uploads\/2022\/06\/Troncon-n\u00b04-de-Chinon-37-a-Argenton-sur-Creuse-36-FR-GB.jpg","contentUrl":"https:\/\/www.lecheminsauvage.com\/wp-content\/uploads\/2022\/06\/Troncon-n\u00b04-de-Chinon-37-a-Argenton-sur-Creuse-36-FR-GB.jpg","width":1008,"height":704,"caption":"Tron\u00e7on n\u00b04 trace gpx\/pdf: trace du Chemin Sauvage de Chinon (37) \u00e0 Argenton s\/ Creuse (36) disponible en version gpx ou pdf"},{"@type":"BreadcrumbList","@id":"https:\/\/www.lecheminsauvage.com\/produit\/troncon-n4-trace-gpx-pdf\/#breadcrumb","itemListElement":[{"@type":"ListItem","position":1,"name":"Accueil","item":"https:\/\/www.lecheminsauvage.com\/"},{"@type":"ListItem","position":2,"name":"Produits","item":"https:\/\/www.lecheminsauvage.com\/shop\/"},{"@type":"ListItem","position":3,"name":"Tron\u00e7on\/Section n\u00b04 de\/from Chinon (37) \u00e0\/to Argenton s\/ Creuse (36)"}]},{"@type":"WebSite","@id":"https:\/\/www.lecheminsauvage.com\/#website","url":"https:\/\/www.lecheminsauvage.com\/","name":"Chemin Sauvage","description":"Trek &amp; Bivouac en France","publisher":{"@id":"https:\/\/www.lecheminsauvage.com\/#organization"},"potentialAction":[{"@type":"SearchAction","target":{"@type":"EntryPoint","urlTemplate":"https:\/\/www.lecheminsauvage.com\/?s={search_term_string}"},"query-input":{"@type":"PropertyValueSpecification","valueRequired":true,"valueName":"search_term_string"}}],"inLanguage":"en-GB"},{"@type":"Organization","@id":"https:\/\/www.lecheminsauvage.com\/#organization","name":"Chemin Sauvage","url":"https:\/\/www.lecheminsauvage.com\/","logo":{"@type":"ImageObject","inLanguage":"en-GB","@id":"https:\/\/www.lecheminsauvage.com\/#\/schema\/logo\/image\/","url":"https:\/\/www.lecheminsauvage.com\/wp-content\/uploads\/2022\/05\/logo-Le-Chemin-Sauvage.png","contentUrl":"https:\/\/www.lecheminsauvage.com\/wp-content\/uploads\/2022\/05\/logo-Le-Chemin-Sauvage.png","width":590,"height":590,"caption":"Chemin Sauvage"},"image":{"@id":"https:\/\/www.lecheminsauvage.com\/#\/schema\/logo\/image\/"},"sameAs":["https:\/\/www.facebook.com\/lecheminsauvagelcs","https:\/\/www.instagram.com\/chemin_sauvage\/?hl=fr"]}]}},"_links":{"self":[{"href":"https:\/\/www.lecheminsauvage.com\/en\/wp-json\/wp\/v2\/product\/686","targetHints":{"allow":["GET"]}}],"collection":[{"href":"https:\/\/www.lecheminsauvage.com\/en\/wp-json\/wp\/v2\/product"}],"about":[{"href":"https:\/\/www.lecheminsauvage.com\/en\/wp-json\/wp\/v2\/types\/product"}],"wp:featuredmedia":[{"embeddable":true,"href":"https:\/\/www.lecheminsauvage.com\/en\/wp-json\/wp\/v2\/media\/1325"}],"wp:attachment":[{"href":"https:\/\/www.lecheminsauvage.com\/en\/wp-json\/wp\/v2\/media?parent=686"}],"wp:term":[{"taxonomy":"product_brand","embeddable":true,"href":"https:\/\/www.lecheminsauvage.com\/en\/wp-json\/wp\/v2\/product_brand?post=686"},{"taxonomy":"product_cat","embeddable":true,"href":"https:\/\/www.lecheminsauvage.com\/en\/wp-json\/wp\/v2\/product_cat?post=686"},{"taxonomy":"product_tag","embeddable":true,"href":"https:\/\/www.lecheminsauvage.com\/en\/wp-json\/wp\/v2\/product_tag?post=686"}],"curies":[{"name":"wp","href":"https:\/\/api.w.org\/{rel}","templated":true}]}}