{"id":691,"date":"2022-06-11T14:32:35","date_gmt":"2022-06-11T14:32:35","guid":{"rendered":"https:\/\/www.lecheminsauvage.com\/?post_type=product&#038;p=691"},"modified":"2026-04-28T18:14:36","modified_gmt":"2026-04-28T18:14:36","slug":"troncon-n9-trace-gpx-pdf","status":"publish","type":"product","link":"https:\/\/www.lecheminsauvage.com\/en\/product\/troncon-n9-trace-gpx-pdf\/","title":{"rendered":"<b>Tron\u00e7on\/Section n\u00b09 <\/b><br><i>de\/from Toulouse (31) <br>\u00e0\/to Montr\u00e9jeau (31) <\/i>"},"content":{"rendered":"","protected":false},"excerpt":{"rendered":"<p>Depuis Toulouse, en travers\u00e9e plein Sud de la Haute-Garonne, les Pyr\u00e9n\u00e9es comme horizon, on parvient au pays de Comminges, balcon de ces Pyr\u00e9n\u00e9es centrales\u00a0! Le Chemin Sauvage s\u2019appuie sur le GR86, recoupant la Garonne \u00e0 Montr\u00e9jeau, terme du tron\u00e7on, et \u2026 au pied du mur\u00a0!<\/p>","protected":false},"featured_media":1476,"template":"","meta":{"_acf_changed":false},"product_brand":[],"product_cat":[21],"product_tag":[],"class_list":{"0":"post-691","1":"product","2":"type-product","3":"status-publish","4":"has-post-thumbnail","6":"product_cat-traces-gpx-et-pdf","8":"first","9":"instock","10":"sold-individually","11":"shipping-taxable","12":"purchasable","13":"product-type-variable"},"acf":[],"yoast_head":"<!-- This site is optimized with the Yoast SEO plugin v27.4 - https:\/\/yoast.com\/product\/yoast-seo-wordpress\/ -->\n<title>Tron\u00e7on n\u00b09 trace gpx\/pdf<\/title>\n<meta name=\"description\" content=\"Tron\u00e7on n\u00b09 trace gpx\/pdf: trace du Chemin Sauvage Occitanie de Toulouse (31) \u00e0 Montr\u00e9jeau (31) disponible en version gpx ou pdf\" \/>\n<meta name=\"robots\" content=\"index, follow, max-snippet:-1, max-image-preview:large, max-video-preview:-1\" \/>\n<link rel=\"canonical\" href=\"https:\/\/www.lecheminsauvage.com\/en\/product\/troncon-n9-trace-gpx-pdf\/\" \/>\n<meta property=\"og:locale\" content=\"en_GB\" \/>\n<meta property=\"og:type\" content=\"article\" \/>\n<meta property=\"og:title\" content=\"Tron\u00e7on n\u00b09 trace gpx\/pdf\" \/>\n<meta property=\"og:description\" content=\"Tron\u00e7on n\u00b09 trace gpx\/pdf: trace du Chemin Sauvage Occitanie de Toulouse (31) \u00e0 Montr\u00e9jeau (31) disponible en version gpx ou pdf\" \/>\n<meta property=\"og:url\" content=\"https:\/\/www.lecheminsauvage.com\/en\/product\/troncon-n9-trace-gpx-pdf\/\" \/>\n<meta property=\"og:site_name\" content=\"Chemin Sauvage\" \/>\n<meta property=\"article:publisher\" content=\"https:\/\/www.facebook.com\/lecheminsauvagelcs\" \/>\n<meta property=\"article:modified_time\" content=\"2026-04-28T18:14:36+00:00\" \/>\n<meta property=\"og:image\" content=\"https:\/\/www.lecheminsauvage.com\/wp-content\/uploads\/2022\/05\/Bivouac-1.jpg\" \/>\n\t<meta property=\"og:image:width\" content=\"1500\" \/>\n\t<meta property=\"og:image:height\" content=\"744\" \/>\n\t<meta property=\"og:image:type\" content=\"image\/jpeg\" \/>\n<meta name=\"twitter:card\" content=\"summary_large_image\" \/>\n<meta name=\"twitter:label1\" content=\"Estimated reading time\" \/>\n\t<meta name=\"twitter:data1\" content=\"1 minute\" \/>\n<script type=\"application\/ld+json\" class=\"yoast-schema-graph\">{\"@context\":\"https:\\\/\\\/schema.org\",\"@graph\":[{\"@type\":\"WebPage\",\"@id\":\"https:\\\/\\\/www.lecheminsauvage.com\\\/produit\\\/troncon-n9-trace-gpx-pdf\\\/\",\"url\":\"https:\\\/\\\/www.lecheminsauvage.com\\\/produit\\\/troncon-n9-trace-gpx-pdf\\\/\",\"name\":\"Tron\u00e7on n\u00b09 trace gpx\\\/pdf\",\"isPartOf\":{\"@id\":\"https:\\\/\\\/www.lecheminsauvage.com\\\/#website\"},\"primaryImageOfPage\":{\"@id\":\"https:\\\/\\\/www.lecheminsauvage.com\\\/produit\\\/troncon-n9-trace-gpx-pdf\\\/#primaryimage\"},\"image\":{\"@id\":\"https:\\\/\\\/www.lecheminsauvage.com\\\/produit\\\/troncon-n9-trace-gpx-pdf\\\/#primaryimage\"},\"thumbnailUrl\":\"https:\\\/\\\/www.lecheminsauvage.com\\\/wp-content\\\/uploads\\\/2022\\\/06\\\/Troncon-n\u00b09-Rev.2-de-Toulouse-31-a-Montrejeau-31-FR-GB.jpg\",\"datePublished\":\"2022-06-11T14:32:35+00:00\",\"dateModified\":\"2026-04-28T18:14:36+00:00\",\"description\":\"Tron\u00e7on n\u00b09 trace gpx\\\/pdf: trace du Chemin Sauvage Occitanie de Toulouse (31) \u00e0 Montr\u00e9jeau (31) disponible en version gpx ou pdf\",\"breadcrumb\":{\"@id\":\"https:\\\/\\\/www.lecheminsauvage.com\\\/produit\\\/troncon-n9-trace-gpx-pdf\\\/#breadcrumb\"},\"inLanguage\":\"en-GB\",\"potentialAction\":[{\"@type\":\"ReadAction\",\"target\":[\"https:\\\/\\\/www.lecheminsauvage.com\\\/produit\\\/troncon-n9-trace-gpx-pdf\\\/\"]}]},{\"@type\":\"ImageObject\",\"inLanguage\":\"en-GB\",\"@id\":\"https:\\\/\\\/www.lecheminsauvage.com\\\/produit\\\/troncon-n9-trace-gpx-pdf\\\/#primaryimage\",\"url\":\"https:\\\/\\\/www.lecheminsauvage.com\\\/wp-content\\\/uploads\\\/2022\\\/06\\\/Troncon-n\u00b09-Rev.2-de-Toulouse-31-a-Montrejeau-31-FR-GB.jpg\",\"contentUrl\":\"https:\\\/\\\/www.lecheminsauvage.com\\\/wp-content\\\/uploads\\\/2022\\\/06\\\/Troncon-n\u00b09-Rev.2-de-Toulouse-31-a-Montrejeau-31-FR-GB.jpg\",\"width\":1360,\"height\":1039,\"caption\":\"Tron\u00e7on n\u00b09 trace gpx\\\/pdf: trace du Chemin Sauvage Occitanie de Toulouse (31) \u00e0 Montr\u00e9jeau (31) disponible en version gpx ou pdf\"},{\"@type\":\"BreadcrumbList\",\"@id\":\"https:\\\/\\\/www.lecheminsauvage.com\\\/produit\\\/troncon-n9-trace-gpx-pdf\\\/#breadcrumb\",\"itemListElement\":[{\"@type\":\"ListItem\",\"position\":1,\"name\":\"Accueil\",\"item\":\"https:\\\/\\\/www.lecheminsauvage.com\\\/\"},{\"@type\":\"ListItem\",\"position\":2,\"name\":\"Produits\",\"item\":\"https:\\\/\\\/www.lecheminsauvage.com\\\/shop\\\/\"},{\"@type\":\"ListItem\",\"position\":3,\"name\":\"Tron\u00e7on\\\/Section n\u00b09 de\\\/from Toulouse (31) \u00e0\\\/to Montr\u00e9jeau (31)\"}]},{\"@type\":\"WebSite\",\"@id\":\"https:\\\/\\\/www.lecheminsauvage.com\\\/#website\",\"url\":\"https:\\\/\\\/www.lecheminsauvage.com\\\/\",\"name\":\"Chemin Sauvage\",\"description\":\"Trek &amp; Bivouac en France\",\"publisher\":{\"@id\":\"https:\\\/\\\/www.lecheminsauvage.com\\\/#organization\"},\"potentialAction\":[{\"@type\":\"SearchAction\",\"target\":{\"@type\":\"EntryPoint\",\"urlTemplate\":\"https:\\\/\\\/www.lecheminsauvage.com\\\/?s={search_term_string}\"},\"query-input\":{\"@type\":\"PropertyValueSpecification\",\"valueRequired\":true,\"valueName\":\"search_term_string\"}}],\"inLanguage\":\"en-GB\"},{\"@type\":\"Organization\",\"@id\":\"https:\\\/\\\/www.lecheminsauvage.com\\\/#organization\",\"name\":\"Chemin Sauvage\",\"url\":\"https:\\\/\\\/www.lecheminsauvage.com\\\/\",\"logo\":{\"@type\":\"ImageObject\",\"inLanguage\":\"en-GB\",\"@id\":\"https:\\\/\\\/www.lecheminsauvage.com\\\/#\\\/schema\\\/logo\\\/image\\\/\",\"url\":\"https:\\\/\\\/www.lecheminsauvage.com\\\/wp-content\\\/uploads\\\/2022\\\/05\\\/logo-Le-Chemin-Sauvage.png\",\"contentUrl\":\"https:\\\/\\\/www.lecheminsauvage.com\\\/wp-content\\\/uploads\\\/2022\\\/05\\\/logo-Le-Chemin-Sauvage.png\",\"width\":590,\"height\":590,\"caption\":\"Chemin Sauvage\"},\"image\":{\"@id\":\"https:\\\/\\\/www.lecheminsauvage.com\\\/#\\\/schema\\\/logo\\\/image\\\/\"},\"sameAs\":[\"https:\\\/\\\/www.facebook.com\\\/lecheminsauvagelcs\",\"https:\\\/\\\/www.instagram.com\\\/chemin_sauvage\\\/?hl=fr\"]}]}<\/script>\n<!-- \/ Yoast SEO plugin. -->","yoast_head_json":{"title":"Tron\u00e7on n\u00b09 trace gpx\/pdf","description":"Tron\u00e7on n\u00b09 trace gpx\/pdf: trace du Chemin Sauvage Occitanie de Toulouse (31) \u00e0 Montr\u00e9jeau (31) disponible en version gpx ou pdf","robots":{"index":"index","follow":"follow","max-snippet":"max-snippet:-1","max-image-preview":"max-image-preview:large","max-video-preview":"max-video-preview:-1"},"canonical":"https:\/\/www.lecheminsauvage.com\/en\/product\/troncon-n9-trace-gpx-pdf\/","og_locale":"en_GB","og_type":"article","og_title":"Tron\u00e7on n\u00b09 trace gpx\/pdf","og_description":"Tron\u00e7on n\u00b09 trace gpx\/pdf: trace du Chemin Sauvage Occitanie de Toulouse (31) \u00e0 Montr\u00e9jeau (31) disponible en version gpx ou pdf","og_url":"https:\/\/www.lecheminsauvage.com\/en\/product\/troncon-n9-trace-gpx-pdf\/","og_site_name":"Chemin Sauvage","article_publisher":"https:\/\/www.facebook.com\/lecheminsauvagelcs","article_modified_time":"2026-04-28T18:14:36+00:00","og_image":[{"width":1500,"height":744,"url":"https:\/\/www.lecheminsauvage.com\/wp-content\/uploads\/2022\/05\/Bivouac-1.jpg","type":"image\/jpeg"}],"twitter_card":"summary_large_image","twitter_misc":{"Estimated reading time":"1 minute"},"schema":{"@context":"https:\/\/schema.org","@graph":[{"@type":"WebPage","@id":"https:\/\/www.lecheminsauvage.com\/produit\/troncon-n9-trace-gpx-pdf\/","url":"https:\/\/www.lecheminsauvage.com\/produit\/troncon-n9-trace-gpx-pdf\/","name":"Tron\u00e7on n\u00b09 trace gpx\/pdf","isPartOf":{"@id":"https:\/\/www.lecheminsauvage.com\/#website"},"primaryImageOfPage":{"@id":"https:\/\/www.lecheminsauvage.com\/produit\/troncon-n9-trace-gpx-pdf\/#primaryimage"},"image":{"@id":"https:\/\/www.lecheminsauvage.com\/produit\/troncon-n9-trace-gpx-pdf\/#primaryimage"},"thumbnailUrl":"https:\/\/www.lecheminsauvage.com\/wp-content\/uploads\/2022\/06\/Troncon-n\u00b09-Rev.2-de-Toulouse-31-a-Montrejeau-31-FR-GB.jpg","datePublished":"2022-06-11T14:32:35+00:00","dateModified":"2026-04-28T18:14:36+00:00","description":"Tron\u00e7on n\u00b09 trace gpx\/pdf: trace du Chemin Sauvage Occitanie de Toulouse (31) \u00e0 Montr\u00e9jeau (31) disponible en version gpx ou pdf","breadcrumb":{"@id":"https:\/\/www.lecheminsauvage.com\/produit\/troncon-n9-trace-gpx-pdf\/#breadcrumb"},"inLanguage":"en-GB","potentialAction":[{"@type":"ReadAction","target":["https:\/\/www.lecheminsauvage.com\/produit\/troncon-n9-trace-gpx-pdf\/"]}]},{"@type":"ImageObject","inLanguage":"en-GB","@id":"https:\/\/www.lecheminsauvage.com\/produit\/troncon-n9-trace-gpx-pdf\/#primaryimage","url":"https:\/\/www.lecheminsauvage.com\/wp-content\/uploads\/2022\/06\/Troncon-n\u00b09-Rev.2-de-Toulouse-31-a-Montrejeau-31-FR-GB.jpg","contentUrl":"https:\/\/www.lecheminsauvage.com\/wp-content\/uploads\/2022\/06\/Troncon-n\u00b09-Rev.2-de-Toulouse-31-a-Montrejeau-31-FR-GB.jpg","width":1360,"height":1039,"caption":"Tron\u00e7on n\u00b09 trace gpx\/pdf: trace du Chemin Sauvage Occitanie de Toulouse (31) \u00e0 Montr\u00e9jeau (31) disponible en version gpx ou pdf"},{"@type":"BreadcrumbList","@id":"https:\/\/www.lecheminsauvage.com\/produit\/troncon-n9-trace-gpx-pdf\/#breadcrumb","itemListElement":[{"@type":"ListItem","position":1,"name":"Accueil","item":"https:\/\/www.lecheminsauvage.com\/"},{"@type":"ListItem","position":2,"name":"Produits","item":"https:\/\/www.lecheminsauvage.com\/shop\/"},{"@type":"ListItem","position":3,"name":"Tron\u00e7on\/Section n\u00b09 de\/from Toulouse (31) \u00e0\/to Montr\u00e9jeau (31)"}]},{"@type":"WebSite","@id":"https:\/\/www.lecheminsauvage.com\/#website","url":"https:\/\/www.lecheminsauvage.com\/","name":"Chemin Sauvage","description":"Trek &amp; Bivouac en France","publisher":{"@id":"https:\/\/www.lecheminsauvage.com\/#organization"},"potentialAction":[{"@type":"SearchAction","target":{"@type":"EntryPoint","urlTemplate":"https:\/\/www.lecheminsauvage.com\/?s={search_term_string}"},"query-input":{"@type":"PropertyValueSpecification","valueRequired":true,"valueName":"search_term_string"}}],"inLanguage":"en-GB"},{"@type":"Organization","@id":"https:\/\/www.lecheminsauvage.com\/#organization","name":"Chemin Sauvage","url":"https:\/\/www.lecheminsauvage.com\/","logo":{"@type":"ImageObject","inLanguage":"en-GB","@id":"https:\/\/www.lecheminsauvage.com\/#\/schema\/logo\/image\/","url":"https:\/\/www.lecheminsauvage.com\/wp-content\/uploads\/2022\/05\/logo-Le-Chemin-Sauvage.png","contentUrl":"https:\/\/www.lecheminsauvage.com\/wp-content\/uploads\/2022\/05\/logo-Le-Chemin-Sauvage.png","width":590,"height":590,"caption":"Chemin Sauvage"},"image":{"@id":"https:\/\/www.lecheminsauvage.com\/#\/schema\/logo\/image\/"},"sameAs":["https:\/\/www.facebook.com\/lecheminsauvagelcs","https:\/\/www.instagram.com\/chemin_sauvage\/?hl=fr"]}]}},"_links":{"self":[{"href":"https:\/\/www.lecheminsauvage.com\/en\/wp-json\/wp\/v2\/product\/691","targetHints":{"allow":["GET"]}}],"collection":[{"href":"https:\/\/www.lecheminsauvage.com\/en\/wp-json\/wp\/v2\/product"}],"about":[{"href":"https:\/\/www.lecheminsauvage.com\/en\/wp-json\/wp\/v2\/types\/product"}],"wp:featuredmedia":[{"embeddable":true,"href":"https:\/\/www.lecheminsauvage.com\/en\/wp-json\/wp\/v2\/media\/1476"}],"wp:attachment":[{"href":"https:\/\/www.lecheminsauvage.com\/en\/wp-json\/wp\/v2\/media?parent=691"}],"wp:term":[{"taxonomy":"product_brand","embeddable":true,"href":"https:\/\/www.lecheminsauvage.com\/en\/wp-json\/wp\/v2\/product_brand?post=691"},{"taxonomy":"product_cat","embeddable":true,"href":"https:\/\/www.lecheminsauvage.com\/en\/wp-json\/wp\/v2\/product_cat?post=691"},{"taxonomy":"product_tag","embeddable":true,"href":"https:\/\/www.lecheminsauvage.com\/en\/wp-json\/wp\/v2\/product_tag?post=691"}],"curies":[{"name":"wp","href":"https:\/\/api.w.org\/{rel}","templated":true}]}}